{"id":9041,"date":"2023-10-08T18:42:47","date_gmt":"2023-10-08T16:42:47","guid":{"rendered":"http:\/\/arpenviro.sk.d.r2.wbsprt.com\/?page_id=9041"},"modified":"2023-10-10T14:46:31","modified_gmt":"2023-10-10T12:46:31","slug":"dotaznik-spokojnosti","status":"publish","type":"page","link":"https:\/\/arpenviro.sk\/en\/dotaznik-spokojnosti\/","title":{"rendered":"Questionnaire"},"content":{"rendered":"\t\t<div data-elementor-type=\"wp-page\" data-elementor-id=\"9041\" class=\"elementor elementor-9041\">\n\t\t\t\t\t\t<section class=\"elementor-section elementor-top-section elementor-element elementor-element-d124101 elementor-section-boxed elementor-section-height-default elementor-section-height-default wd-section-disabled\" data-id=\"d124101\" data-element_type=\"section\" data-e-type=\"section\">\n\t\t\t\t\t\t<div class=\"elementor-container elementor-column-gap-default\">\n\t\t\t\t\t<div class=\"elementor-column elementor-col-100 elementor-top-column elementor-element elementor-element-3f7e92c\" data-id=\"3f7e92c\" data-element_type=\"column\" data-e-type=\"column\">\n\t\t\t<div class=\"elementor-widget-wrap elementor-element-populated\">\n\t\t\t\t\t\t<div class=\"elementor-element elementor-element-090e625 elementor-widget elementor-widget-wd_text_block\" data-id=\"090e625\" data-element_type=\"widget\" data-e-type=\"widget\" data-widget_type=\"wd_text_block.default\">\n\t\t\t\t<div class=\"elementor-widget-container\">\n\t\t\t\t\t\t\t\t<link rel=\"stylesheet\" id=\"wd-text-block-css\" href=\"https:\/\/arpenviro.sk\/wp-content\/themes\/woodmart\/css\/parts\/el-text-block.min.css?ver=6.5.4\" type=\"text\/css\" media=\"all\" \/> \t\t\t\t\t<div class=\"wd-text-block reset-last-child text-left\">\n\t\t\t\n\t\t\t<p>Bodov\u00e9 hodnotenie (5 = najlep\u0161ie, 1 = najhor\u0161ie)<\/p>\n\t\t\t\t\t<\/div>\n\t\t\t\t\t\t<\/div>\n\t\t\t\t<\/div>\n\t\t\t\t<div class=\"elementor-element elementor-element-b3f621d elementor-widget elementor-widget-wd_text_block\" data-id=\"b3f621d\" data-element_type=\"widget\" data-e-type=\"widget\" data-widget_type=\"wd_text_block.default\">\n\t\t\t\t<div class=\"elementor-widget-container\">\n\t\t\t\t\t\t\t<div class=\"wd-text-block reset-last-child text-left color-title\">\n\t\t\t\n\t\t\t<p>Vyberte oddelenie, ktor\u00e9 chcete ohodnoti\u0165:<\/p>\n\t\t\t\t\t<\/div>\n\t\t\t\t\t\t<\/div>\n\t\t\t\t<\/div>\n\t\t\t\t<div class=\"elementor-element elementor-element-9419306 elementor-widget elementor-widget-wd_contact_form_7\" data-id=\"9419306\" data-element_type=\"widget\" data-e-type=\"widget\" data-widget_type=\"wd_contact_form_7.default\">\n\t\t\t\t<div class=\"elementor-widget-container\">\n\t\t\t\t\t\n<div class=\"wpcf7 no-js\" id=\"wpcf7-f9040-o1\" lang=\"sk-SK\" dir=\"ltr\" data-wpcf7-id=\"9040\">\n<div class=\"screen-reader-response\"><p role=\"status\" aria-live=\"polite\" aria-atomic=\"true\"><\/p> <ul><\/ul><\/div>\n<form action=\"\/en\/wp-json\/wp\/v2\/pages\/9041#wpcf7-f9040-o1\" method=\"post\" class=\"wpcf7-form init\" aria-label=\"Kontaktn\u00fd formul\u00e1r\" novalidate=\"novalidate\" data-status=\"init\">\n<fieldset class=\"hidden-fields-container\"><input type=\"hidden\" name=\"_wpcf7\" value=\"9040\" \/><input type=\"hidden\" name=\"_wpcf7_version\" value=\"6.1.5\" \/><input type=\"hidden\" name=\"_wpcf7_locale\" value=\"sk_SK\" \/><input type=\"hidden\" name=\"_wpcf7_unit_tag\" value=\"wpcf7-f9040-o1\" \/><input type=\"hidden\" name=\"_wpcf7_container_post\" value=\"0\" \/><input type=\"hidden\" name=\"_wpcf7_posted_data_hash\" value=\"\" \/>\n<\/fieldset>\n<div class=\"uacf7-form-wrapper-container uacf7-form-9040  \"><label><span class=\"wpcf7-form-control-wrap\" data-name=\"menu-442\"><select class=\"wpcf7-form-control wpcf7-select wpcf7-validates-as-required\" aria-required=\"true\" aria-invalid=\"false\" name=\"menu-442\"><option value=\"Oddelenie sklen\u00edkov\u00fdch plynov\">Oddelenie sklen\u00edkov\u00fdch plynov<\/option><option value=\"Oddelenie emisi\u00ed a IPKZ\">Oddelenie emisi\u00ed a IPKZ<\/option><option value=\"Ostatn\u00e9\">Ostatn\u00e9<\/option><\/select><\/span><\/label>\n\n\n\t\t<span data-name=\"Rating-Kvalita\"\n\t\t\tclass=\"wpcf7-form-control-wrap Rating-Kvalita\">\n\t\t\t<span class=\"wpcf7-form-control wpcf7-uacf7_star_rating wpcf7-validates-as-required uacf7-rating\" aria-required=\"true\" aria-invalid=\"false\">\n\t\t\t\t<label>\n\t\t\t\t\t<input type=\"radio\" name=\"Rating-Kvalita\" value=\"1\"\n\t\t\t\t\t\t \/>\n\t\t\t\t\t<span class=\"icon\"><i class=\"far fa-star\"><\/i><\/span>\n\t\t\t\t<\/label>\n\t\t\t\t<label>\n\t\t\t\t\t<input type=\"radio\" name=\"Rating-Kvalita\" value=\"2\"\n\t\t\t\t\t\t \/>\n\t\t\t\t\t<span class=\"icon\"><i class=\"far fa-star\"><\/i><\/span>\n\t\t\t\t\t<span class=\"icon\"><i class=\"far fa-star\"><\/i><\/span>\n\t\t\t\t<\/label>\n\t\t\t\t<label>\n\t\t\t\t\t<input type=\"radio\" name=\"Rating-Kvalita\" value=\"3\"\n\t\t\t\t\t\t \/>\n\t\t\t\t\t<span class=\"icon\"><i class=\"far fa-star\"><\/i><\/span>\n\t\t\t\t\t<span class=\"icon\"><i class=\"far fa-star\"><\/i><\/span>\n\t\t\t\t\t<span class=\"icon\"><i class=\"far fa-star\"><\/i><\/span>\n\t\t\t\t<\/label>\n\t\t\t\t<label>\n\t\t\t\t\t<input type=\"radio\" name=\"Rating-Kvalita\" value=\"4\"\n\t\t\t\t\t\t \/>\n\t\t\t\t\t<span class=\"icon\"><i class=\"far fa-star\"><\/i><\/span>\n\t\t\t\t\t<span class=\"icon\"><i class=\"far fa-star\"><\/i><\/span>\n\t\t\t\t\t<span class=\"icon\"><i class=\"far fa-star\"><\/i><\/span>\n\t\t\t\t\t<span class=\"icon\"><i class=\"far fa-star\"><\/i><\/span>\n\t\t\t\t<\/label>\n\t\t\t\t<label>\n\t\t\t\t\t<input type=\"radio\" name=\"Rating-Kvalita\" value=\"5\"\n\t\t\t\t\t\t \/>\n\t\t\t\t\t<span class=\"icon\"><i class=\"far fa-star\"><\/i><\/span>\n\t\t\t\t\t<span class=\"icon\"><i class=\"far fa-star\"><\/i><\/span>\n\t\t\t\t\t<span class=\"icon\"><i class=\"far fa-star\"><\/i><\/span>\n\t\t\t\t\t<span class=\"icon\"><i class=\"far fa-star\"><\/i><\/span>\n\t\t\t\t\t<span class=\"icon\"><i class=\"far fa-star\"><\/i><\/span>\n\t\t\t\t<\/label>\n\n\t\t\t<\/span>\n\t\t<\/span>\n\t\t<span>\n\t\t\t\t\t<\/span>\n\n\t\t\n<label> Kvalita pon\u00fakan\u00fdch slu\u017eieb a pr\u00e1c *\n    <span class=\"wpcf7-form-control-wrap\" data-name=\"text-146\"><input size=\"40\" maxlength=\"400\" class=\"wpcf7-form-control wpcf7-text\" aria-invalid=\"false\" value=\"\" type=\"text\" name=\"text-146\" \/><\/span> \n<\/label>\n\n\t\t<span data-name=\"Rating-Odbornost\"\n\t\t\tclass=\"wpcf7-form-control-wrap Rating-Odbornost\">\n\t\t\t<span class=\"wpcf7-form-control wpcf7-uacf7_star_rating wpcf7-validates-as-required uacf7-rating\" aria-required=\"true\" aria-invalid=\"false\">\n\t\t\t\t<label>\n\t\t\t\t\t<input type=\"radio\" name=\"Rating-Odbornost\" value=\"1\"\n\t\t\t\t\t\t \/>\n\t\t\t\t\t<span class=\"icon\"><i class=\"far fa-star\"><\/i><\/span>\n\t\t\t\t<\/label>\n\t\t\t\t<label>\n\t\t\t\t\t<input type=\"radio\" name=\"Rating-Odbornost\" value=\"2\"\n\t\t\t\t\t\t \/>\n\t\t\t\t\t<span class=\"icon\"><i class=\"far fa-star\"><\/i><\/span>\n\t\t\t\t\t<span class=\"icon\"><i class=\"far fa-star\"><\/i><\/span>\n\t\t\t\t<\/label>\n\t\t\t\t<label>\n\t\t\t\t\t<input type=\"radio\" name=\"Rating-Odbornost\" value=\"3\"\n\t\t\t\t\t\t \/>\n\t\t\t\t\t<span class=\"icon\"><i class=\"far fa-star\"><\/i><\/span>\n\t\t\t\t\t<span class=\"icon\"><i class=\"far fa-star\"><\/i><\/span>\n\t\t\t\t\t<span class=\"icon\"><i class=\"far fa-star\"><\/i><\/span>\n\t\t\t\t<\/label>\n\t\t\t\t<label>\n\t\t\t\t\t<input type=\"radio\" name=\"Rating-Odbornost\" value=\"4\"\n\t\t\t\t\t\t \/>\n\t\t\t\t\t<span class=\"icon\"><i class=\"far fa-star\"><\/i><\/span>\n\t\t\t\t\t<span class=\"icon\"><i class=\"far fa-star\"><\/i><\/span>\n\t\t\t\t\t<span class=\"icon\"><i class=\"far fa-star\"><\/i><\/span>\n\t\t\t\t\t<span class=\"icon\"><i class=\"far fa-star\"><\/i><\/span>\n\t\t\t\t<\/label>\n\t\t\t\t<label>\n\t\t\t\t\t<input type=\"radio\" name=\"Rating-Odbornost\" value=\"5\"\n\t\t\t\t\t\t \/>\n\t\t\t\t\t<span class=\"icon\"><i class=\"far fa-star\"><\/i><\/span>\n\t\t\t\t\t<span class=\"icon\"><i class=\"far fa-star\"><\/i><\/span>\n\t\t\t\t\t<span class=\"icon\"><i class=\"far fa-star\"><\/i><\/span>\n\t\t\t\t\t<span class=\"icon\"><i class=\"far fa-star\"><\/i><\/span>\n\t\t\t\t\t<span class=\"icon\"><i class=\"far fa-star\"><\/i><\/span>\n\t\t\t\t<\/label>\n\n\t\t\t<\/span>\n\t\t<\/span>\n\t\t<span>\n\t\t\t\t\t<\/span>\n\n\t\t\n<label> Odbornos\u0165 a vecnos\u0165 na\u0161ich pracovn\u00edkov *\n    <span class=\"wpcf7-form-control-wrap\" data-name=\"text-936\"><input size=\"40\" maxlength=\"400\" class=\"wpcf7-form-control wpcf7-text\" aria-invalid=\"false\" value=\"\" type=\"text\" name=\"text-936\" \/><\/span> <\/label>\n\n\t\t<span data-name=\"Rating-Pristup\"\n\t\t\tclass=\"wpcf7-form-control-wrap Rating-Pristup\">\n\t\t\t<span class=\"wpcf7-form-control wpcf7-uacf7_star_rating wpcf7-validates-as-required uacf7-rating\" aria-required=\"true\" aria-invalid=\"false\">\n\t\t\t\t<label>\n\t\t\t\t\t<input type=\"radio\" name=\"Rating-Pristup\" value=\"1\"\n\t\t\t\t\t\t \/>\n\t\t\t\t\t<span class=\"icon\"><i class=\"far fa-star\"><\/i><\/span>\n\t\t\t\t<\/label>\n\t\t\t\t<label>\n\t\t\t\t\t<input type=\"radio\" name=\"Rating-Pristup\" value=\"2\"\n\t\t\t\t\t\t \/>\n\t\t\t\t\t<span class=\"icon\"><i class=\"far fa-star\"><\/i><\/span>\n\t\t\t\t\t<span class=\"icon\"><i class=\"far fa-star\"><\/i><\/span>\n\t\t\t\t<\/label>\n\t\t\t\t<label>\n\t\t\t\t\t<input type=\"radio\" name=\"Rating-Pristup\" value=\"3\"\n\t\t\t\t\t\t \/>\n\t\t\t\t\t<span class=\"icon\"><i class=\"far fa-star\"><\/i><\/span>\n\t\t\t\t\t<span class=\"icon\"><i class=\"far fa-star\"><\/i><\/span>\n\t\t\t\t\t<span class=\"icon\"><i class=\"far fa-star\"><\/i><\/span>\n\t\t\t\t<\/label>\n\t\t\t\t<label>\n\t\t\t\t\t<input type=\"radio\" name=\"Rating-Pristup\" value=\"4\"\n\t\t\t\t\t\t \/>\n\t\t\t\t\t<span class=\"icon\"><i class=\"far fa-star\"><\/i><\/span>\n\t\t\t\t\t<span class=\"icon\"><i class=\"far fa-star\"><\/i><\/span>\n\t\t\t\t\t<span class=\"icon\"><i class=\"far fa-star\"><\/i><\/span>\n\t\t\t\t\t<span class=\"icon\"><i class=\"far fa-star\"><\/i><\/span>\n\t\t\t\t<\/label>\n\t\t\t\t<label>\n\t\t\t\t\t<input type=\"radio\" name=\"Rating-Pristup\" value=\"5\"\n\t\t\t\t\t\t \/>\n\t\t\t\t\t<span class=\"icon\"><i class=\"far fa-star\"><\/i><\/span>\n\t\t\t\t\t<span class=\"icon\"><i class=\"far fa-star\"><\/i><\/span>\n\t\t\t\t\t<span class=\"icon\"><i class=\"far fa-star\"><\/i><\/span>\n\t\t\t\t\t<span class=\"icon\"><i class=\"far fa-star\"><\/i><\/span>\n\t\t\t\t\t<span class=\"icon\"><i class=\"far fa-star\"><\/i><\/span>\n\t\t\t\t<\/label>\n\n\t\t\t<\/span>\n\t\t<\/span>\n\t\t<span>\n\t\t\t\t\t<\/span>\n\n\t\t\n<label> Pr\u00edstup na\u0161ich pracovn\u00edkov *\n    <span class=\"wpcf7-form-control-wrap\" data-name=\"text-45\"><input size=\"40\" maxlength=\"400\" class=\"wpcf7-form-control wpcf7-text\" aria-invalid=\"false\" value=\"\" type=\"text\" name=\"text-45\" \/><\/span> <\/label>\n\n\t\t<span data-name=\"Rating-Komunikacia\"\n\t\t\tclass=\"wpcf7-form-control-wrap Rating-Komunikacia\">\n\t\t\t<span class=\"wpcf7-form-control wpcf7-uacf7_star_rating wpcf7-validates-as-required uacf7-rating\" aria-required=\"true\" aria-invalid=\"false\">\n\t\t\t\t<label>\n\t\t\t\t\t<input type=\"radio\" name=\"Rating-Komunikacia\" value=\"1\"\n\t\t\t\t\t\t \/>\n\t\t\t\t\t<span class=\"icon\"><i class=\"far fa-star\"><\/i><\/span>\n\t\t\t\t<\/label>\n\t\t\t\t<label>\n\t\t\t\t\t<input type=\"radio\" name=\"Rating-Komunikacia\" value=\"2\"\n\t\t\t\t\t\t \/>\n\t\t\t\t\t<span class=\"icon\"><i class=\"far fa-star\"><\/i><\/span>\n\t\t\t\t\t<span class=\"icon\"><i class=\"far fa-star\"><\/i><\/span>\n\t\t\t\t<\/label>\n\t\t\t\t<label>\n\t\t\t\t\t<input type=\"radio\" name=\"Rating-Komunikacia\" value=\"3\"\n\t\t\t\t\t\t \/>\n\t\t\t\t\t<span class=\"icon\"><i class=\"far fa-star\"><\/i><\/span>\n\t\t\t\t\t<span class=\"icon\"><i class=\"far fa-star\"><\/i><\/span>\n\t\t\t\t\t<span class=\"icon\"><i class=\"far fa-star\"><\/i><\/span>\n\t\t\t\t<\/label>\n\t\t\t\t<label>\n\t\t\t\t\t<input type=\"radio\" name=\"Rating-Komunikacia\" value=\"4\"\n\t\t\t\t\t\t \/>\n\t\t\t\t\t<span class=\"icon\"><i class=\"far fa-star\"><\/i><\/span>\n\t\t\t\t\t<span class=\"icon\"><i class=\"far fa-star\"><\/i><\/span>\n\t\t\t\t\t<span class=\"icon\"><i class=\"far fa-star\"><\/i><\/span>\n\t\t\t\t\t<span class=\"icon\"><i class=\"far fa-star\"><\/i><\/span>\n\t\t\t\t<\/label>\n\t\t\t\t<label>\n\t\t\t\t\t<input type=\"radio\" name=\"Rating-Komunikacia\" value=\"5\"\n\t\t\t\t\t\t \/>\n\t\t\t\t\t<span class=\"icon\"><i class=\"far fa-star\"><\/i><\/span>\n\t\t\t\t\t<span class=\"icon\"><i class=\"far fa-star\"><\/i><\/span>\n\t\t\t\t\t<span class=\"icon\"><i class=\"far fa-star\"><\/i><\/span>\n\t\t\t\t\t<span class=\"icon\"><i class=\"far fa-star\"><\/i><\/span>\n\t\t\t\t\t<span class=\"icon\"><i class=\"far fa-star\"><\/i><\/span>\n\t\t\t\t<\/label>\n\n\t\t\t<\/span>\n\t\t<\/span>\n\t\t<span>\n\t\t\t\t\t<\/span>\n\n\t\t\n<label> Komunik\u00e1cia s Va\u0161ou spolo\u010dnos\u0165ou *\n    <span class=\"wpcf7-form-control-wrap\" data-name=\"text-968\"><input size=\"40\" maxlength=\"400\" class=\"wpcf7-form-control wpcf7-text\" aria-invalid=\"false\" value=\"\" type=\"text\" name=\"text-968\" \/><\/span> <\/label>\n\n\t\t<span data-name=\"Rating-Dochvilnost\"\n\t\t\tclass=\"wpcf7-form-control-wrap Rating-Dochvilnost\">\n\t\t\t<span class=\"wpcf7-form-control wpcf7-uacf7_star_rating wpcf7-validates-as-required uacf7-rating\" aria-required=\"true\" aria-invalid=\"false\">\n\t\t\t\t<label>\n\t\t\t\t\t<input type=\"radio\" name=\"Rating-Dochvilnost\" value=\"1\"\n\t\t\t\t\t\t \/>\n\t\t\t\t\t<span class=\"icon\"><i class=\"far fa-star\"><\/i><\/span>\n\t\t\t\t<\/label>\n\t\t\t\t<label>\n\t\t\t\t\t<input type=\"radio\" name=\"Rating-Dochvilnost\" value=\"2\"\n\t\t\t\t\t\t \/>\n\t\t\t\t\t<span class=\"icon\"><i class=\"far fa-star\"><\/i><\/span>\n\t\t\t\t\t<span class=\"icon\"><i class=\"far fa-star\"><\/i><\/span>\n\t\t\t\t<\/label>\n\t\t\t\t<label>\n\t\t\t\t\t<input type=\"radio\" name=\"Rating-Dochvilnost\" value=\"3\"\n\t\t\t\t\t\t \/>\n\t\t\t\t\t<span class=\"icon\"><i class=\"far fa-star\"><\/i><\/span>\n\t\t\t\t\t<span class=\"icon\"><i class=\"far fa-star\"><\/i><\/span>\n\t\t\t\t\t<span class=\"icon\"><i class=\"far fa-star\"><\/i><\/span>\n\t\t\t\t<\/label>\n\t\t\t\t<label>\n\t\t\t\t\t<input type=\"radio\" name=\"Rating-Dochvilnost\" value=\"4\"\n\t\t\t\t\t\t \/>\n\t\t\t\t\t<span class=\"icon\"><i class=\"far fa-star\"><\/i><\/span>\n\t\t\t\t\t<span class=\"icon\"><i class=\"far fa-star\"><\/i><\/span>\n\t\t\t\t\t<span class=\"icon\"><i class=\"far fa-star\"><\/i><\/span>\n\t\t\t\t\t<span class=\"icon\"><i class=\"far fa-star\"><\/i><\/span>\n\t\t\t\t<\/label>\n\t\t\t\t<label>\n\t\t\t\t\t<input type=\"radio\" name=\"Rating-Dochvilnost\" value=\"5\"\n\t\t\t\t\t\t \/>\n\t\t\t\t\t<span class=\"icon\"><i class=\"far fa-star\"><\/i><\/span>\n\t\t\t\t\t<span class=\"icon\"><i class=\"far fa-star\"><\/i><\/span>\n\t\t\t\t\t<span class=\"icon\"><i class=\"far fa-star\"><\/i><\/span>\n\t\t\t\t\t<span class=\"icon\"><i class=\"far fa-star\"><\/i><\/span>\n\t\t\t\t\t<span class=\"icon\"><i class=\"far fa-star\"><\/i><\/span>\n\t\t\t\t<\/label>\n\n\t\t\t<\/span>\n\t\t<\/span>\n\t\t<span>\n\t\t\t\t\t<\/span>\n\n\t\t\n<label> Dodr\u017eiavanie term\u00ednov a dochvi\u013enos\u0165 *\n    <span class=\"wpcf7-form-control-wrap\" data-name=\"text-8\"><input size=\"40\" maxlength=\"400\" class=\"wpcf7-form-control wpcf7-text\" aria-invalid=\"false\" value=\"\" type=\"text\" name=\"text-8\" \/><\/span> <\/label>\n\n<div id=\"cf7sr-69ece76e810dd\" class=\"cf7sr-g-recaptcha\" data-theme=\"light\" data-type=\"image\" data-size=\"normal\" data-sitekey=\"6LedxWgqAAAAAMyuXP6OAmFJHl8Gc2sD0zTmP0fx\"><\/div><span class=\"wpcf7-form-control-wrap cf7sr-recaptcha\" data-name=\"cf7sr-recaptcha\"><input type=\"hidden\" name=\"cf7sr-recaptcha\" value=\"\" class=\"wpcf7-form-control\"><\/span>\n\n<input class=\"wpcf7-form-control wpcf7-submit has-spinner\" type=\"submit\" value=\"Odosla\u0165\" \/>\n\n<label><span class=\"wpcf7-form-control-wrap\" data-name=\"checkbox-349\"><span class=\"wpcf7-form-control wpcf7-checkbox wpcf7-validates-as-required\"><span class=\"wpcf7-list-item first last\"><label><input type=\"checkbox\" name=\"checkbox-349[]\" value=\"Obozn\u00e1mil som sa so spracovan\u00edm osobn\u00fdch \u00fadajov\" \/><span class=\"wpcf7-list-item-label\">Obozn\u00e1mil som sa so spracovan\u00edm osobn\u00fdch \u00fadajov<\/span><\/label><\/span><\/span><\/span><\/label>\n<label>* povinn\u00e9 polo\u017eky<\/label><\/div><p style=\"display: none !important;\" class=\"akismet-fields-container\" data-prefix=\"_wpcf7_ak_\"><label>&#916;<textarea name=\"_wpcf7_ak_hp_textarea\" cols=\"45\" rows=\"8\" maxlength=\"100\"><\/textarea><\/label><input type=\"hidden\" id=\"ak_js_1\" name=\"_wpcf7_ak_js\" value=\"152\"\/><script type=\"text\/javascript\">\n\/* <![CDATA[ *\/\ndocument.getElementById( \"ak_js_1\" ).setAttribute( \"value\", ( new Date() ).getTime() );\n\/* ]]> *\/\n<\/script>\n<\/p><div class=\"wpcf7-response-output\" aria-hidden=\"true\"><\/div>\n<\/form>\n<\/div>\n\t\t\t\t<\/div>\n\t\t\t\t<\/div>\n\t\t\t\t\t<\/div>\n\t\t<\/div>\n\t\t\t\t\t<\/div>\n\t\t<\/section>\n\t\t\t\t<\/div>\n\t\t","protected":false},"excerpt":{"rendered":"<p>Bodov\u00e9 hodnotenie (5 = najlep\u0161ie, 1 = najhor\u0161ie) Vyberte oddelenie, ktor\u00e9 chcete ohodnoti\u0165: Oddelenie sklen\u00edkov\u00fdch plynovOddelenie emisi\u00ed a IPKZOstatn\u00e9 Kvalita<\/p>","protected":false},"author":1,"featured_media":0,"parent":0,"menu_order":0,"comment_status":"closed","ping_status":"closed","template":"","meta":{"footnotes":""},"class_list":["post-9041","page","type-page","status-publish","hentry"],"_links":{"self":[{"href":"https:\/\/arpenviro.sk\/en\/wp-json\/wp\/v2\/pages\/9041","targetHints":{"allow":["GET"]}}],"collection":[{"href":"https:\/\/arpenviro.sk\/en\/wp-json\/wp\/v2\/pages"}],"about":[{"href":"https:\/\/arpenviro.sk\/en\/wp-json\/wp\/v2\/types\/page"}],"author":[{"embeddable":true,"href":"https:\/\/arpenviro.sk\/en\/wp-json\/wp\/v2\/users\/1"}],"replies":[{"embeddable":true,"href":"https:\/\/arpenviro.sk\/en\/wp-json\/wp\/v2\/comments?post=9041"}],"version-history":[{"count":13,"href":"https:\/\/arpenviro.sk\/en\/wp-json\/wp\/v2\/pages\/9041\/revisions"}],"predecessor-version":[{"id":9055,"href":"https:\/\/arpenviro.sk\/en\/wp-json\/wp\/v2\/pages\/9041\/revisions\/9055"}],"wp:attachment":[{"href":"https:\/\/arpenviro.sk\/en\/wp-json\/wp\/v2\/media?parent=9041"}],"curies":[{"name":"wp","href":"https:\/\/api.w.org\/{rel}","templated":true}]}}