{"id":8836,"date":"2023-08-04T22:27:48","date_gmt":"2023-08-04T20:27:48","guid":{"rendered":"http:\/\/arpenviro.sk.d.r2.wbsprt.com\/?page_id=8836"},"modified":"2024-06-10T12:59:09","modified_gmt":"2024-06-10T10:59:09","slug":"ostatne-sluzby","status":"publish","type":"page","link":"https:\/\/arpenviro.sk\/en\/ostatne-sluzby\/","title":{"rendered":"Other services"},"content":{"rendered":"<div data-elementor-type=\"wp-page\" data-elementor-id=\"8836\" class=\"elementor elementor-8836\">\n\t\t\t\t\t\t<section class=\"elementor-section elementor-top-section elementor-element elementor-element-a6a6336 elementor-section-boxed elementor-section-height-default elementor-section-height-default wd-section-disabled\" data-id=\"a6a6336\" data-element_type=\"section\" data-e-type=\"section\">\n\t\t\t\t\t\t<div class=\"elementor-container elementor-column-gap-default\">\n\t\t\t\t\t<div class=\"elementor-column elementor-col-50 elementor-top-column elementor-element elementor-element-197ed83\" data-id=\"197ed83\" data-element_type=\"column\" data-e-type=\"column\">\n\t\t\t<div class=\"elementor-widget-wrap elementor-element-populated\">\n\t\t\t\t\t\t<div class=\"elementor-element elementor-element-273c764 elementor-widget elementor-widget-wd_text_block\" data-id=\"273c764\" data-element_type=\"widget\" data-e-type=\"widget\" data-widget_type=\"wd_text_block.default\">\n\t\t\t\t<div class=\"elementor-widget-container\">\n\t\t\t\t\t\t\t\t<link rel=\"stylesheet\" id=\"wd-text-block-css\" href=\"https:\/\/arpenviro.sk\/wp-content\/themes\/woodmart\/css\/parts\/el-text-block.min.css?ver=6.5.4\" type=\"text\/css\" media=\"all\" \/> \t\t\t\t\t<div class=\"wd-text-block reset-last-child text-left\">\n\t\t\t\n\t\t\t<h2>EIA\/SEA<\/h2><p>As part of the environmental impact assessment (EIA\/SEA) in accordance with the Environmental Impact Assessment Act, we ensure:<\/p><ul><li>development of the Activity Plan, or Notices of Change in Proposed Business<\/li><li>preparation of the Evaluation Report<\/li><li>preparation and management of public hearings<\/li><li>consultation and advice on investment plans subject to the EIA\/SEA process<\/li><li>preparation of expert opinions in accordance with \u00a7 61 par. 8 of Act 24\/2006 Coll. in znp<\/li><\/ul><p>Certificate:<\/p>\n\t\t\t\t\t<\/div>\n\t\t\t\t\t\t<\/div>\n\t\t\t\t<\/div>\n\t\t\t\t<div class=\"elementor-element elementor-element-174b140 elementor-widget elementor-widget-wd_button\" data-id=\"174b140\" data-element_type=\"widget\" data-e-type=\"widget\" data-widget_type=\"wd_button.default\">\n\t\t\t\t<div class=\"elementor-widget-container\">\n\t\t\t\t\t\t\t<div class=\"wd-button-wrapper text-left\" >\n\t\t\t<a class=\"btn btn-style-default btn-style-rectangle btn-size-default btn-color-primary btn-icon-pos-left\"  href=\"http:\/\/arpenviro.sk\/wp-content\/uploads\/2023\/08\/2021-07-20-094918-osvedcenie_EIA.pdf\">\n\t\t\t\t<span class=\"wd-btn-text\" data-elementor-setting-key=\"text\">\n\t\t\t\t\t\"EIA\" certificate\t\t\t\t<\/span>\n\n\t\t\t\t\t\t\t\t\t<span class=\"wd-btn-icon\">\n\t\t\t\t\t\t<span class=\"wd-icon fas fa-file-download\"><\/span>\t\t\t\t\t<\/span>\n\t\t\t\t\t\t\t<\/a>\n\t\t<\/div>\n\t\t\t\t\t\t<\/div>\n\t\t\t\t<\/div>\n\t\t\t\t<div class=\"elementor-element elementor-element-431580f elementor-widget elementor-widget-wd_button\" data-id=\"431580f\" data-element_type=\"widget\" data-e-type=\"widget\" data-widget_type=\"wd_button.default\">\n\t\t\t\t<div class=\"elementor-widget-container\">\n\t\t\t\t\t\t\t<div class=\"wd-button-wrapper text-left\" >\n\t\t\t<a class=\"btn btn-style-default btn-style-rectangle btn-size-default btn-color-primary btn-icon-pos-left\"  href=\"http:\/\/arpenviro.sk\/wp-content\/uploads\/2023\/08\/2021-07-29-085304-Potvrdenie_o_absolovani_odbornej_pripravy_EIA.pdf\">\n\t\t\t\t<span class=\"wd-btn-text\" data-elementor-setting-key=\"text\">\n\t\t\t\t\tCertificate of Completion of Professional Training \"EIA\"\t\t\t\t<\/span>\n\n\t\t\t\t\t\t\t\t\t<span class=\"wd-btn-icon\">\n\t\t\t\t\t\t<span class=\"wd-icon fas fa-file-download\"><\/span>\t\t\t\t\t<\/span>\n\t\t\t\t\t\t\t<\/a>\n\t\t<\/div>\n\t\t\t\t\t\t<\/div>\n\t\t\t\t<\/div>\n\t\t\t\t\t<\/div>\n\t\t<\/div>\n\t\t\t\t<div class=\"elementor-column elementor-col-50 elementor-top-column elementor-element elementor-element-69f77cf\" data-id=\"69f77cf\" data-element_type=\"column\" data-e-type=\"column\">\n\t\t\t<div class=\"elementor-widget-wrap elementor-element-populated\">\n\t\t\t\t\t\t<div class=\"elementor-element elementor-element-9296127 elementor-widget elementor-widget-wd_text_block\" data-id=\"9296127\" data-element_type=\"widget\" data-e-type=\"widget\" data-widget_type=\"wd_text_block.default\">\n\t\t\t\t<div class=\"elementor-widget-container\">\n\t\t\t\t\t\t\t<div class=\"wd-text-block reset-last-child text-left\">\n\t\t\t\n\t\t\t<h2>Waste Management<\/h2><p>We ensure normal operational activities in the field of waste management, coordination of the export of waste from operations, prepare applications and represent clients in proceedings at various state administration bodies (SI\u017dP, OU OS\u017dP, M\u017dP SR, R\u00daVZ, RVPS, OcU, etc.), we keep records of waste, packaging, reserved products and packaging streams, we prepare annual reports on waste management and regular reports on packaging, etc.<\/p><p><strong>We prepare operating documentation and requests for approval, or decisions according to the Waste Act, e.g.:<\/strong><\/p><ul><li>Measures in the event of an accident when handling hazardous waste<\/li><li>Operating procedure for waste management<\/li><li>Hazardous waste identification sheets<\/li><li>Requests of various types (depending on the procedure)<\/li><li>Operating procedure for waste recovery equipment<\/li><li>Ongoing record keeping<\/li><li>Elaboration and submission of Notifications on waste generation and waste management<\/li><li>Reports on transported NO<\/li><li>etc.<\/li><\/ul>\n\t\t\t\t\t<\/div>\n\t\t\t\t\t\t<\/div>\n\t\t\t\t<\/div>\n\t\t\t\t\t<\/div>\n\t\t<\/div>\n\t\t\t\t\t<\/div>\n\t\t<\/section>\n\t\t\t\t<section class=\"elementor-section elementor-top-section elementor-element elementor-element-d5082c1 elementor-section-boxed elementor-section-height-default elementor-section-height-default wd-section-disabled\" data-id=\"d5082c1\" data-element_type=\"section\" data-e-type=\"section\">\n\t\t\t\t\t\t<div class=\"elementor-container elementor-column-gap-default\">\n\t\t\t\t\t<div class=\"elementor-column elementor-col-100 elementor-top-column elementor-element elementor-element-20d22f7\" data-id=\"20d22f7\" data-element_type=\"column\" data-e-type=\"column\">\n\t\t\t<div class=\"elementor-widget-wrap elementor-element-populated\">\n\t\t\t\t\t\t<div class=\"elementor-element elementor-element-0877c7f elementor-widget elementor-widget-spacer\" data-id=\"0877c7f\" data-element_type=\"widget\" data-e-type=\"widget\" data-widget_type=\"spacer.default\">\n\t\t\t\t<div class=\"elementor-widget-container\">\n\t\t\t\t\t\t\t<div class=\"elementor-spacer\">\n\t\t\t<div class=\"elementor-spacer-inner\"><\/div>\n\t\t<\/div>\n\t\t\t\t\t\t<\/div>\n\t\t\t\t<\/div>\n\t\t\t\t\t<\/div>\n\t\t<\/div>\n\t\t\t\t\t<\/div>\n\t\t<\/section>\n\t\t\t\t<section class=\"elementor-section elementor-top-section elementor-element elementor-element-47fc033 elementor-section-boxed elementor-section-height-default elementor-section-height-default wd-section-disabled\" data-id=\"47fc033\" data-element_type=\"section\" data-e-type=\"section\">\n\t\t\t\t\t\t<div class=\"elementor-container elementor-column-gap-default\">\n\t\t\t\t\t<div class=\"elementor-column elementor-col-50 elementor-top-column elementor-element elementor-element-7493a54\" data-id=\"7493a54\" data-element_type=\"column\" data-e-type=\"column\">\n\t\t\t<div class=\"elementor-widget-wrap elementor-element-populated\">\n\t\t\t\t\t\t<div class=\"elementor-element elementor-element-cc3be3d elementor-widget elementor-widget-wd_text_block\" data-id=\"cc3be3d\" data-element_type=\"widget\" data-e-type=\"widget\" data-widget_type=\"wd_text_block.default\">\n\t\t\t\t<div class=\"elementor-widget-container\">\n\t\t\t\t\t\t\t<div class=\"wd-text-block reset-last-child text-left\">\n\t\t\t\n\t\t\t<h2>Water management<\/h2><p>We carry out professional supervision of water structures, we ensure the work of a company water manager or the collection of OV samples and subsequent analysis by an accredited laboratory. We prepare annual reports and operational documentation and requests for approval, respectively. decisions according to the Water Act, e.g.:<\/p><ul><li>water management approval for a warehouse or collection point O and NO<\/li><li>we develop operating procedures for the storage and handling of pollutants, including operating procedures for water structures<\/li><li>Plan of preventive measures to prevent the occurrence of uncontrollable leakage of pollutants into \u017dP and to proceed in the event of their leakage into surface and underground waters - Emergency plan for water protection (HP)<\/li><li>We carry out employee training in the sense of the approved HP<\/li><li>etc.<\/li><\/ul>\n\t\t\t\t\t<\/div>\n\t\t\t\t\t\t<\/div>\n\t\t\t\t<\/div>\n\t\t\t\t<div class=\"elementor-element elementor-element-7cb49cc elementor-widget elementor-widget-wd_text_block\" data-id=\"7cb49cc\" data-element_type=\"widget\" data-e-type=\"widget\" data-widget_type=\"wd_text_block.default\">\n\t\t\t\t<div class=\"elementor-widget-container\">\n\t\t\t\t\t\t\t<div class=\"wd-text-block reset-last-child text-left\">\n\t\t\t\n\t\t\t<h2>Training activity<\/h2><p>We organize professional training and can train your employees in all areas of environmental protection (waste management, air protection, water protection, EIA\/SEA, IPKZ, greenhouse gases, fluorinated greenhouse gases, carbon footprint, ESG, etc.). We also participate in training activities within various agencies or directly at schools.<\/p>\n\t\t\t\t\t<\/div>\n\t\t\t\t\t\t<\/div>\n\t\t\t\t<\/div>\n\t\t\t\t\t<\/div>\n\t\t<\/div>\n\t\t\t\t<div class=\"elementor-column elementor-col-50 elementor-top-column elementor-element elementor-element-fae32e3\" data-id=\"fae32e3\" data-element_type=\"column\" data-e-type=\"column\">\n\t\t\t<div class=\"elementor-widget-wrap elementor-element-populated\">\n\t\t\t\t\t\t<div class=\"elementor-element elementor-element-5d9d5a2 elementor-widget elementor-widget-wd_text_block\" data-id=\"5d9d5a2\" data-element_type=\"widget\" data-e-type=\"widget\" data-widget_type=\"wd_text_block.default\">\n\t\t\t\t<div class=\"elementor-widget-container\">\n\t\t\t\t\t\t\t<div class=\"wd-text-block reset-last-child text-left\">\n\t\t\t\n\t\t\t<h2>Environmental audits<\/h2><p>We carry out internal environmental audits of legislative compliance of operations with currently valid regulations in the area of environmental protection. We can prepare the operation for certification in the sense of the ISO 14001 and ISO 19011 standards.<br \/><br \/><\/p><p>Certificates:<\/p>\n\t\t\t\t\t<\/div>\n\t\t\t\t\t\t<\/div>\n\t\t\t\t<\/div>\n\t\t\t\t<div class=\"elementor-element elementor-element-5c79aeb elementor-widget elementor-widget-wd_button\" data-id=\"5c79aeb\" data-element_type=\"widget\" data-e-type=\"widget\" data-widget_type=\"wd_button.default\">\n\t\t\t\t<div class=\"elementor-widget-container\">\n\t\t\t\t\t\t\t<div class=\"wd-button-wrapper text-left\" >\n\t\t\t<a class=\"btn btn-style-default btn-style-rectangle btn-size-default btn-color-primary btn-icon-pos-left\"  href=\"http:\/\/arpenviro.sk\/wp-content\/uploads\/2023\/08\/2021-07-27-130304-Tokov___ISO_14001.pdf\">\n\t\t\t\t<span class=\"wd-btn-text\" data-elementor-setting-key=\"text\">\n\t\t\t\t\tTokov\u00e1 ISO 14001\t\t\t\t<\/span>\n\n\t\t\t\t\t\t\t\t\t<span class=\"wd-btn-icon\">\n\t\t\t\t\t\t<span class=\"wd-icon fas fa-file-download\"><\/span>\t\t\t\t\t<\/span>\n\t\t\t\t\t\t\t<\/a>\n\t\t<\/div>\n\t\t\t\t\t\t<\/div>\n\t\t\t\t<\/div>\n\t\t\t\t<div class=\"elementor-element elementor-element-66a3354 elementor-widget elementor-widget-wd_button\" data-id=\"66a3354\" data-element_type=\"widget\" data-e-type=\"widget\" data-widget_type=\"wd_button.default\">\n\t\t\t\t<div class=\"elementor-widget-container\">\n\t\t\t\t\t\t\t<div class=\"wd-button-wrapper text-left\" >\n\t\t\t<a class=\"btn btn-style-default btn-style-rectangle btn-size-default btn-color-primary btn-icon-pos-left\"  href=\"http:\/\/arpenviro.sk\/wp-content\/uploads\/2023\/08\/2021-07-27-130231-Gschweng_ISO_14001.pdf\">\n\t\t\t\t<span class=\"wd-btn-text\" data-elementor-setting-key=\"text\">\n\t\t\t\t\tGschweng ISO 14001\t\t\t\t<\/span>\n\n\t\t\t\t\t\t\t\t\t<span class=\"wd-btn-icon\">\n\t\t\t\t\t\t<span class=\"wd-icon fas fa-file-download\"><\/span>\t\t\t\t\t<\/span>\n\t\t\t\t\t\t\t<\/a>\n\t\t<\/div>\n\t\t\t\t\t\t<\/div>\n\t\t\t\t<\/div>\n\t\t\t\t<div class=\"elementor-element elementor-element-62c1064 elementor-widget elementor-widget-wd_button\" data-id=\"62c1064\" data-element_type=\"widget\" data-e-type=\"widget\" data-widget_type=\"wd_button.default\">\n\t\t\t\t<div class=\"elementor-widget-container\">\n\t\t\t\t\t\t\t<div class=\"wd-button-wrapper text-left\" >\n\t\t\t<a class=\"btn btn-style-default btn-style-rectangle btn-size-default btn-color-primary btn-icon-pos-left\"  href=\"http:\/\/arpenviro.sk\/wp-content\/uploads\/2023\/08\/25_Osvedcenie-o-absolvovani-skolenia-19011.pdf\">\n\t\t\t\t<span class=\"wd-btn-text\" data-elementor-setting-key=\"text\">\n\t\t\t\t\tPopovi\u010dov\u00e1 ISO 19011\t\t\t\t<\/span>\n\n\t\t\t\t\t\t\t\t\t<span class=\"wd-btn-icon\">\n\t\t\t\t\t\t<span class=\"wd-icon fas fa-file-download\"><\/span>\t\t\t\t\t<\/span>\n\t\t\t\t\t\t\t<\/a>\n\t\t<\/div>\n\t\t\t\t\t\t<\/div>\n\t\t\t\t<\/div>\n\t\t\t\t<div class=\"elementor-element elementor-element-5177647 elementor-widget elementor-widget-wd_button\" data-id=\"5177647\" data-element_type=\"widget\" data-e-type=\"widget\" data-widget_type=\"wd_button.default\">\n\t\t\t\t<div class=\"elementor-widget-container\">\n\t\t\t\t\t\t\t<div class=\"wd-button-wrapper text-left\" >\n\t\t\t<a class=\"btn btn-style-default btn-style-rectangle btn-size-default btn-color-primary btn-icon-pos-left\"  href=\"http:\/\/arpenviro.sk\/wp-content\/uploads\/2023\/08\/2021-07-18-173457-Tokov___ISO_19011.pdf\">\n\t\t\t\t<span class=\"wd-btn-text\" data-elementor-setting-key=\"text\">\n\t\t\t\t\tTokov\u00e1 ISO 19011\t\t\t\t<\/span>\n\n\t\t\t\t\t\t\t\t\t<span class=\"wd-btn-icon\">\n\t\t\t\t\t\t<span class=\"wd-icon fas fa-file-download\"><\/span>\t\t\t\t\t<\/span>\n\t\t\t\t\t\t\t<\/a>\n\t\t<\/div>\n\t\t\t\t\t\t<\/div>\n\t\t\t\t<\/div>\n\t\t\t\t<div class=\"elementor-element elementor-element-d38b6aa elementor-widget elementor-widget-wd_button\" data-id=\"d38b6aa\" data-element_type=\"widget\" data-e-type=\"widget\" data-widget_type=\"wd_button.default\">\n\t\t\t\t<div class=\"elementor-widget-container\">\n\t\t\t\t\t\t\t<div class=\"wd-button-wrapper text-left\" >\n\t\t\t<a class=\"btn btn-style-default btn-style-rectangle btn-size-default btn-color-primary btn-icon-pos-left\"  href=\"http:\/\/arpenviro.sk\/wp-content\/uploads\/2023\/08\/2021-07-18-173603-Gschweng_ISO_19011.pdf\">\n\t\t\t\t<span class=\"wd-btn-text\" data-elementor-setting-key=\"text\">\n\t\t\t\t\tGschweng ISO 19011\t\t\t\t<\/span>\n\n\t\t\t\t\t\t\t\t\t<span class=\"wd-btn-icon\">\n\t\t\t\t\t\t<span class=\"wd-icon fas fa-file-download\"><\/span>\t\t\t\t\t<\/span>\n\t\t\t\t\t\t\t<\/a>\n\t\t<\/div>\n\t\t\t\t\t\t<\/div>\n\t\t\t\t<\/div>\n\t\t\t\t\t<\/div>\n\t\t<\/div>\n\t\t\t\t\t<\/div>\n\t\t<\/section>\n\t\t\t\t<\/div>","protected":false},"excerpt":{"rendered":"<p>EIA\/SEA V r\u00e1mci posudzovania vplyvov \u010dinnost\u00ed na \u017eivotn\u00e9 prostredie (EIA\/SEA) v zmysle z\u00e1kona o posudzovan\u00ed vplyvov na \u017eivotn\u00e9 prostredie zabezpe\u010dujeme:<\/p>","protected":false},"author":1,"featured_media":0,"parent":0,"menu_order":0,"comment_status":"closed","ping_status":"closed","template":"","meta":{"footnotes":""},"class_list":["post-8836","page","type-page","status-publish","hentry"],"_links":{"self":[{"href":"https:\/\/arpenviro.sk\/en\/wp-json\/wp\/v2\/pages\/8836","targetHints":{"allow":["GET"]}}],"collection":[{"href":"https:\/\/arpenviro.sk\/en\/wp-json\/wp\/v2\/pages"}],"about":[{"href":"https:\/\/arpenviro.sk\/en\/wp-json\/wp\/v2\/types\/page"}],"author":[{"embeddable":true,"href":"https:\/\/arpenviro.sk\/en\/wp-json\/wp\/v2\/users\/1"}],"replies":[{"embeddable":true,"href":"https:\/\/arpenviro.sk\/en\/wp-json\/wp\/v2\/comments?post=8836"}],"version-history":[{"count":28,"href":"https:\/\/arpenviro.sk\/en\/wp-json\/wp\/v2\/pages\/8836\/revisions"}],"predecessor-version":[{"id":9158,"href":"https:\/\/arpenviro.sk\/en\/wp-json\/wp\/v2\/pages\/8836\/revisions\/9158"}],"wp:attachment":[{"href":"https:\/\/arpenviro.sk\/en\/wp-json\/wp\/v2\/media?parent=8836"}],"curies":[{"name":"wp","href":"https:\/\/api.w.org\/{rel}","templated":true}]}}