{"id":8675,"date":"2023-08-03T16:39:50","date_gmt":"2023-08-03T14:39:50","guid":{"rendered":"http:\/\/arpenviro.sk.d.r2.wbsprt.com\/?page_id=8675"},"modified":"2023-08-03T16:52:02","modified_gmt":"2023-08-03T14:52:02","slug":"gdpr","status":"publish","type":"page","link":"https:\/\/arpenviro.sk\/en\/gdpr\/","title":{"rendered":"GDPR"},"content":{"rendered":"\t\t<div data-elementor-type=\"wp-page\" data-elementor-id=\"8675\" class=\"elementor elementor-8675\">\n\t\t\t\t\t\t<section class=\"elementor-section elementor-top-section elementor-element elementor-element-2ab8129 elementor-section-full_width elementor-section-height-default elementor-section-height-default wd-section-disabled\" data-id=\"2ab8129\" data-element_type=\"section\" data-e-type=\"section\">\n\t\t\t\t\t\t<div class=\"elementor-container elementor-column-gap-default\">\n\t\t\t\t\t<div class=\"elementor-column elementor-col-100 elementor-top-column elementor-element elementor-element-e8611db\" data-id=\"e8611db\" data-element_type=\"column\" data-e-type=\"column\">\n\t\t\t<div class=\"elementor-widget-wrap elementor-element-populated\">\n\t\t\t\t\t\t<div class=\"elementor-element elementor-element-493c682 elementor-widget elementor-widget-wd_title\" data-id=\"493c682\" data-element_type=\"widget\" data-e-type=\"widget\" data-widget_type=\"wd_title.default\">\n\t\t\t\t<div class=\"elementor-widget-container\">\n\t\t\t\t\t\t\t\t<link rel=\"stylesheet\" id=\"wd-section-title-css\" href=\"https:\/\/arpenviro.sk\/wp-content\/themes\/woodmart\/css\/parts\/el-section-title.min.css?ver=6.5.4\" type=\"text\/css\" media=\"all\" \/> \t\t\t\t\t<div class=\"title-wrapper set-mb-s reset-last-child wd-title-color-default wd-title-style-default wd-title-size-default text-left\">\n\n\t\t\t\n\t\t\t<div class=\"liner-continer\">\n\t\t\t\t<h4 class=\"woodmart-title-container title wd-fontsize-l\">Ochrana osobn\u00fdch \u00fadajov<\/h4> \n\t\t\t\t\t\t\t<\/div>\n\n\t\t\t\t\t<\/div>\n\t\t\t\t\t\t<\/div>\n\t\t\t\t<\/div>\n\t\t\t\t<div class=\"elementor-element elementor-element-76a7eeb elementor-widget elementor-widget-wd_text_block\" data-id=\"76a7eeb\" data-element_type=\"widget\" data-e-type=\"widget\" data-widget_type=\"wd_text_block.default\">\n\t\t\t\t<div class=\"elementor-widget-container\">\n\t\t\t\t\t\t\t\t<link rel=\"stylesheet\" id=\"wd-text-block-css\" href=\"https:\/\/arpenviro.sk\/wp-content\/themes\/woodmart\/css\/parts\/el-text-block.min.css?ver=6.5.4\" type=\"text\/css\" media=\"all\" \/> \t\t\t\t\t<div class=\"wd-text-block reset-last-child text-left\">\n\t\t\t\n\t\t\t<div class=\"col-xs-12\"><div class=\"e2_htmlcontent adresa\"><ol><li><span style=\"color: #000000;\"><strong>Spolo\u010dnos\u0165 arpenviro, s.r.o.<\/strong>, s\u00eddlom:\u00a0Pad\u00e1\u0148 3176, Pad\u00e1\u0148, 929 01 ,I\u010cO:\u00a046 560 181\u00a0ako prev\u00e1dzkovate\u013e (\u010falej len \u201eprev\u00e1dzkovate\u013e\u201c) garantuje bezpe\u010dnos\u0165 a ochranu zveren\u00fdch osobn\u00fdch \u00fadajov v plnom s\u00falade s nariaden\u00edm Eur\u00f3pskeho parlamentu a Rady \u010d. (E\u00da) 2016\/679 o ochrane fyzick\u00fdch os\u00f4b pri sprac\u00favan\u00ed osobn\u00fdch \u00fadajov a o vo\u013enom pohybe tak\u00fdchto \u00fadajov (\u010falej len \u201eGDPR\u201c) a so z\u00e1konom \u010d. 18\/2018 Z.z. o ochrane osobn\u00fdch \u00fadajov a o zmene a doplnen\u00ed niektor\u00fdch z\u00e1konov v znen\u00ed neskor\u0161\u00edch zmien.<\/span><\/li><\/ol><ol><li value=\"2\"><span style=\"color: #000000;\"><strong>Zabezpe<\/strong><strong>\u010denie webstr\u00e1nky<\/strong><\/span><br \/><span style=\"color: #000000;\">Webstr\u00e1nka arpenviro.sk pou\u017e\u00edva pri akomko\u013evek pripojen\u00ed u\u017e\u00edvate\u013ea a prenose ak\u00fdchko\u013evek \u00fadajov \u0161ifrovan\u00e9 pripojenie SSL, ktor\u00e9 znemo\u017e\u0148uje pr\u00edstup tret\u00edch os\u00f4b k pren\u00e1\u0161an\u00fdm \u00fadajom po\u010das ich prenosu na internete a pozme\u0148ovanie tak\u00fdchto \u00fadajov tret\u00edmi osobami. Datab\u00e1zy prev\u00e1dzkovate\u013ea obsahuj\u00face osobn\u00e9 \u00fadaje s\u00fa chr\u00e1nen\u00e9 \u0161ifrovan\u00edm a neverejn\u00fdmi pr\u00edstupov\u00fdmi \u00fadajmi v s\u00falade s najmodernej\u0161\u00edmi technick\u00fdmi \u0161tandardmi.<\/span><\/li><\/ol><ol><li value=\"3\"><span style=\"color: #000000;\"><strong>Kontatkn\u00e9 \u00fadaje<\/strong><\/span><br \/><span style=\"color: #000000;\">U\u017e\u00edvate\u013e pri svojej n\u00e1v\u0161teve a \u010fal\u0161om pou\u017e\u00edvan\u00ed webov\u00fdch str\u00e1nok xxxx.sk m\u00f4\u017ee kontaktova\u0165 prev\u00e1dzkovate\u013ea a poskytn\u00fa\u0165 mu svoje osobn\u00e9 \u00fadaje na \u00fa\u010dely sp\u00e4tn\u00e9ho kontaktovania.<\/span><\/li><\/ol><ul><li><span style=\"color: #000000;\">Poskytnutie osobn\u00fdch \u00fadajov je dobrovo\u013en\u00e9. Pr\u00e1vnym z\u00e1kladom sprac\u00favania \u00fadajov poskytnut\u00fdch u\u017e\u00edvate\u013eom je v takomto pr\u00edpade opr\u00e1vnen\u00fd z\u00e1ujem prev\u00e1dzkovate\u013ea kontaktova\u0165 u\u017e\u00edvate\u013ea a poskytn\u00fa\u0165 pr\u00edpadn\u00e9 odpovede alebo poradenstvo.<\/span><p><span style=\"color: #000000;\"><strong>Osobn\u00e9 \u00fadaje, ktor\u00e9 m\u00f4\u017ee u\u017e\u00edvate\u013e poskytn\u00fa\u0165 prev\u00e1dzkovate\u013eovi, s\u00fa:<br \/><\/strong><\/span><\/p><\/li><li><span style=\"color: #000000;\">meno a priezvisko [nevyhnutn\u00e9]<\/span><\/li><li><span style=\"color: #000000;\">e-mailov\u00e1 adresa [nevyhnutn\u00e9]<\/span><\/li><li><span style=\"color: #000000;\">telef\u00f3nne \u010d\u00edslo [nevyhnutn\u00e9]<\/span><\/li><li><span style=\"color: #000000;\">spolo\u010dnos\u0165 (pracovisko\/zamestn\u00e1vate\u013e) u\u017e\u00edvate\u013ea.<\/span><\/li><\/ul><p><span style=\"color: #000000;\">\u00da\u010del: \u00a0\u00da\u010delom spracovania osobn\u00fdch \u00fadajov u\u017e\u00edvate\u013ea je sp\u00e4tn\u00e9 kontaktovanie u\u017e\u00edvate\u013ea.\u00a0\u00a0\u00a0\u00a0\u00a0\u00a0\u00a0\u00a0\u00a0<\/span><br \/><span style=\"color: #000000;\">Trvanie sprac\u00favania: Osobn\u00e9 \u00fadaje bud\u00fa sprac\u00favan\u00e9 iba na nevyhnutn\u00fa dobu po\u010das komunik\u00e1cie s u\u017e\u00edvate\u013eom.<\/span><br \/><span style=\"color: #000000;\">Spr\u00e1vnos\u0165: Dobrovo\u013en\u00fdm poskytnut\u00edm osobn\u00fdch \u00fadajov u\u017e\u00edvate\u013e prehlasuje, \u017ee poskytnut\u00e9 \u00fadaje s\u00fa spr\u00e1vne, pravdiv\u00e9 a aktu\u00e1lne.<\/span><\/p><p><span style=\"color: #000000;\">4.\u00a0<strong>Pou\u010denie o pr\u00e1vach dotknutej osoby<\/strong><\/span><br \/><span style=\"color: #000000;\">Pr\u00e1va u\u017e\u00edvate\u013ea v s\u00favislosti s ochranou osobn\u00fdch \u00fadajov upravuj\u00fa najm\u00e4 ustanovenia \u010dl\u00e1nkov 12 a\u017e 22 GDPR, v znen\u00ed neskor\u0161\u00edch zmien<\/span><\/p><p><span style=\"color: #000000;\">Ako u\u017e\u00edvate\u013e m\u00e1te najm\u00e4 pr\u00e1vo na z\u00e1klade p\u00edsomnej alebo e-mailovej \u017eiadosti adresovanej prev\u00e1dzkovate\u013eovi (e-mail:\u00a0<a style=\"color: #000000;\" href=\"mailto:info%40arpenviro.sk\">info@arpenviro.sk<\/a>) po\u017eadova\u0165:<\/span><\/p><ol><li><span style=\"color: #000000;\">potvrdenie, \u010di s\u00fa alebo nie s\u00fa osobn\u00e9 \u00fadaje o V\u00e1s sprac\u00favan\u00e9, pr\u00edstup k Va\u0161im osobn\u00fdm \u00fadajom a inform\u00e1ci\u00e1m o nich, ako aj opravu t\u00fdchto \u00fadajov,<\/span><\/li><li><span style=\"color: #000000;\">obmedzenie sprac\u00favania Va\u0161ich osobn\u00fdch \u00fadajov, najm\u00e4 ak s\u00fa nespr\u00e1vne,<\/span><\/li><li><span style=\"color: #000000;\">vymazanie Va\u0161ich osobn\u00fdch \u00fadajov, najm\u00e4 ak pominul \u00fa\u010del ich sprac\u00favania alebo ste odvolali s\u00fahlas so sprac\u00favan\u00edm,<\/span><\/li><li><span style=\"color: #000000;\">prenesenie Va\u0161ich osobn\u00fdch \u00fadajov in\u00e9mu prev\u00e1dzkovate\u013eovi v \u0161trukturovanej a strojovo \u010ditate\u013enej podobe.<\/span><\/li><\/ol><p><span style=\"color: #000000;\">Rovnako m\u00e1te pr\u00e1vo p\u00edsomn\u00fdm ozn\u00e1men\u00edm alebo e-mailom (na adresu\u00a0<a style=\"color: #000000;\" href=\"mailto:info%40arpenviro.sk\">info@arpenviro.sk<\/a>):<\/span><\/p><ol><li><span style=\"color: #000000;\">kedyko\u013evek odvola\u0165 V\u00e1\u0161 s\u00fahlas so sprac\u00favan\u00edm osobn\u00fdch \u00fadajov, s \u00fa\u010dinnos\u0165ou odo d\u0148a doru\u010denia ozn\u00e1menia, ak sa sprac\u00favanie osobn\u00fdch \u00fadajov vykon\u00e1va na z\u00e1klade s\u00fahlasu, pri\u010dom z\u00e1konnos\u0165 sprac\u00favania pred doru\u010den\u00edm ozn\u00e1menia o odvolan\u00ed s\u00fahlasu bude zachovan\u00e1,<\/span><\/li><li><span style=\"color: #000000;\">ak sa sprac\u00favanie osobn\u00fdch \u00fadajov nevykon\u00e1va na z\u00e1klade V\u00e1\u0161ho s\u00fahlasu, namieta\u0165 proti sprac\u00favaniu z d\u00f4vodov t\u00fdkaj\u00facich sa Va\u0161ej osobnej situ\u00e1cie alebo ak m\u00e1te podozrenie, \u017ee sa \u00fadaje sprac\u00favaj\u00fa nez\u00e1konne.<\/span><\/li><\/ol><p><span style=\"color: #000000;\">M\u00e1te tie\u017e pr\u00e1vo poda\u0165 \u00daradu na ochranu osobn\u00fdch \u00fadajov, ako dozorn\u00e9mu org\u00e1nu pre Slovensk\u00fa republiku, s\u0165a\u017enos\u0165 alebo podnet na pre\u0161etrenie sprac\u00favania Va\u0161ich osobn\u00fdch \u00fadajov.<\/span><\/p><p><span style=\"color: #000000;\">Pr\u00e1va u\u017e\u00edvate\u013ea a\/alebo \u010dlena m\u00f4\u017eu by\u0165 obmedzen\u00e9, ak tak\u00e9to obmedzenie vypl\u00fdva z osobitn\u00e9ho predpisu, ich uplatnen\u00edm by bola poru\u0161en\u00e1 ochrana u\u017e\u00edvate\u013ea alebo by boli poru\u0161en\u00e9 pr\u00e1va a slobody in\u00fdch dotknut\u00fdch os\u00f4b.<\/span><\/p><\/div><\/div><p><span style=\"color: #000000;\">\u200b<\/span><\/p>\n\t\t\t\t\t<\/div>\n\t\t\t\t\t\t<\/div>\n\t\t\t\t<\/div>\n\t\t\t\t\t<\/div>\n\t\t<\/div>\n\t\t\t\t\t<\/div>\n\t\t<\/section>\n\t\t\t\t<\/div>\n\t\t","protected":false},"excerpt":{"rendered":"<p>Ochrana osobn\u00fdch \u00fadajov Spolo\u010dnos\u0165 arpenviro, s.r.o., s\u00eddlom:\u00a0Pad\u00e1\u0148 3176, Pad\u00e1\u0148, 929 01 ,I\u010cO:\u00a046 560 181\u00a0ako prev\u00e1dzkovate\u013e (\u010falej len \u201eprev\u00e1dzkovate\u013e\u201c) garantuje bezpe\u010dnos\u0165<\/p>","protected":false},"author":1,"featured_media":0,"parent":0,"menu_order":0,"comment_status":"closed","ping_status":"closed","template":"","meta":{"footnotes":""},"class_list":["post-8675","page","type-page","status-publish","hentry"],"_links":{"self":[{"href":"https:\/\/arpenviro.sk\/en\/wp-json\/wp\/v2\/pages\/8675","targetHints":{"allow":["GET"]}}],"collection":[{"href":"https:\/\/arpenviro.sk\/en\/wp-json\/wp\/v2\/pages"}],"about":[{"href":"https:\/\/arpenviro.sk\/en\/wp-json\/wp\/v2\/types\/page"}],"author":[{"embeddable":true,"href":"https:\/\/arpenviro.sk\/en\/wp-json\/wp\/v2\/users\/1"}],"replies":[{"embeddable":true,"href":"https:\/\/arpenviro.sk\/en\/wp-json\/wp\/v2\/comments?post=8675"}],"version-history":[{"count":17,"href":"https:\/\/arpenviro.sk\/en\/wp-json\/wp\/v2\/pages\/8675\/revisions"}],"predecessor-version":[{"id":8694,"href":"https:\/\/arpenviro.sk\/en\/wp-json\/wp\/v2\/pages\/8675\/revisions\/8694"}],"wp:attachment":[{"href":"https:\/\/arpenviro.sk\/en\/wp-json\/wp\/v2\/media?parent=8675"}],"curies":[{"name":"wp","href":"https:\/\/api.w.org\/{rel}","templated":true}]}}