{"id":51,"date":"2021-08-26T12:22:55","date_gmt":"2021-08-26T12:22:55","guid":{"rendered":"http:\/\/dummy.xtemos.com\/woodmart2\/elementor\/?page_id=51"},"modified":"2026-01-18T11:43:31","modified_gmt":"2026-01-18T10:43:31","slug":"onas","status":"publish","type":"page","link":"https:\/\/arpenviro.sk\/en\/onas\/","title":{"rendered":"About us"},"content":{"rendered":"<div data-elementor-type=\"wp-page\" data-elementor-id=\"51\" class=\"elementor elementor-51\">\n\t\t\t\t\t\t<section class=\"elementor-section elementor-top-section elementor-element elementor-element-4c86673 elementor-section-boxed elementor-section-height-default elementor-section-height-default wd-section-disabled\" data-id=\"4c86673\" data-element_type=\"section\" data-e-type=\"section\">\n\t\t\t\t\t\t<div class=\"elementor-container elementor-column-gap-default\">\n\t\t\t\t\t<div class=\"elementor-column elementor-col-100 elementor-top-column elementor-element elementor-element-2a83a4a\" data-id=\"2a83a4a\" data-element_type=\"column\" data-e-type=\"column\">\n\t\t\t<div class=\"elementor-widget-wrap elementor-element-populated\">\n\t\t\t\t\t\t<div class=\"elementor-element elementor-element-47dac3e elementor-widget elementor-widget-wd_title\" data-id=\"47dac3e\" data-element_type=\"widget\" data-e-type=\"widget\" data-widget_type=\"wd_title.default\">\n\t\t\t\t<div class=\"elementor-widget-container\">\n\t\t\t\t\t\t\t\t<link rel=\"stylesheet\" id=\"wd-section-title-css\" href=\"https:\/\/arpenviro.sk\/wp-content\/themes\/woodmart\/css\/parts\/el-section-title.min.css?ver=6.5.4\" type=\"text\/css\" media=\"all\" \/> \t\t\t\t\t<div class=\"title-wrapper set-mb-s reset-last-child wd-title-color-default wd-title-style-default wd-title-size-default text-left\">\n\n\t\t\t\n\t\t\t<div class=\"liner-continer\">\n\t\t\t\t<h4 class=\"woodmart-title-container title wd-fontsize-l\">About company<\/h4> \n\t\t\t\t\t\t\t<\/div>\n\n\t\t\t\t\t<\/div>\n\t\t\t\t\t\t<\/div>\n\t\t\t\t<\/div>\n\t\t\t\t<div class=\"elementor-element elementor-element-1565c63 elementor-widget elementor-widget-wd_text_block\" data-id=\"1565c63\" data-element_type=\"widget\" data-e-type=\"widget\" data-widget_type=\"wd_text_block.default\">\n\t\t\t\t<div class=\"elementor-widget-container\">\n\t\t\t\t\t\t\t\t<link rel=\"stylesheet\" id=\"wd-text-block-css\" href=\"https:\/\/arpenviro.sk\/wp-content\/themes\/woodmart\/css\/parts\/el-text-block.min.css?ver=6.5.4\" type=\"text\/css\" media=\"all\" \/> \t\t\t\t\t<div class=\"wd-text-block reset-last-child text-left\">\n\t\t\t\n\t\t\t<ul><li><blockquote><p>Our company has been providing consulting, advisory and technical services in the field of the environment, primarily with a focus on air protection - i.e. emissions, immissions, greenhouse gases and fluorinated greenhouse gases, since 1998. Our team of experts also has extensive experience in other components of environmental protection - water and waste management, nature and landscape protection or environmental burdens and baseline reports or environmental impact assessment (EIA\/SEA). Our company also performs certified calculations of the carbon footprint of the company or products (product) based on the STN EN ISO 14067 standard and the GHG protocol in accordance with the certificate issued by the World Resources Institute.<\/p><\/blockquote><p>We have the expertise to process the application for an integrated permit for various types of operations, including advice on communication with the concerned authorities and the public.<\/p><p>We carry out environmental audits of legislative compliance of operations with currently valid regulations in the area of environmental protection. We can prepare the operation for certification in the sense of the ISO 14001 standard, we advise on determining the carbon footprint of the company or products. We organize and provide training in various areas of \u017dP, internal training of workers in terms of approved documentation, etc.\u00a0\u00a0<\/p><p>We hold European accreditation in the EU ETS1 and ETS2 system for the verification of greenhouse gas data (annual CO2 emissions data).<sub>2<\/sub>, currently achieved levels of activity, or its changes, allocations and validation of monitoring plans, or annual emissions monitoring methodologies, etc.)<\/p><p>The goal of our company is to ensure industrial and agricultural activities, or solve their problems, in accordance with environmental protection.<\/p><p>The rich experience of our workers is a guarantee of high expertise and professionalism in all our activities. Thanks to our high professionalism, our services are used by both domestic companies and large foreign investors.<\/p><\/li><\/ul>\n\t\t\t\t\t<\/div>\n\t\t\t\t\t\t<\/div>\n\t\t\t\t<\/div>\n\t\t\t\t<div class=\"elementor-element elementor-element-79bbd06 elementor-widget-divider--view-line elementor-widget elementor-widget-divider\" data-id=\"79bbd06\" data-element_type=\"widget\" data-e-type=\"widget\" data-widget_type=\"divider.default\">\n\t\t\t\t<div class=\"elementor-widget-container\">\n\t\t\t\t\t\t\t<div class=\"elementor-divider\">\n\t\t\t<span class=\"elementor-divider-separator\">\n\t\t\t\t\t\t<\/span>\n\t\t<\/div>\n\t\t\t\t\t\t<\/div>\n\t\t\t\t<\/div>\n\t\t\t\t<div class=\"elementor-element elementor-element-f3bb104 elementor-widget elementor-widget-wd_text_block\" data-id=\"f3bb104\" data-element_type=\"widget\" data-e-type=\"widget\" data-widget_type=\"wd_text_block.default\">\n\t\t\t\t<div class=\"elementor-widget-container\">\n\t\t\t\t\t\t\t<div class=\"wd-text-block reset-last-child text-left\">\n\t\t\t\n\t\t\t<p><strong>Download document:<\/strong><\/p>\n\t\t\t\t\t<\/div>\n\t\t\t\t\t\t<\/div>\n\t\t\t\t<\/div>\n\t\t\t\t<div class=\"elementor-element elementor-element-7921ecd elementor-widget elementor-widget-wd_button\" data-id=\"7921ecd\" data-element_type=\"widget\" data-e-type=\"widget\" data-widget_type=\"wd_button.default\">\n\t\t\t\t<div class=\"elementor-widget-container\">\n\t\t\t\t\t\t\t<div class=\"wd-button-wrapper text-left\" >\n\t\t\t<a class=\"btn btn-style-default btn-style-rectangle btn-size-default btn-color-primary btn-icon-pos-left\"  href=\"http:\/\/arpenviro.sk\/wp-content\/uploads\/2023\/07\/2020-04-28-150439-Etick___k__dex_spolo__nosti.pdf\">\n\t\t\t\t<span class=\"wd-btn-text\" data-elementor-setting-key=\"text\">\n\t\t\t\t\tCompany's Code of Ethics\t\t\t\t<\/span>\n\n\t\t\t\t\t\t\t\t\t<span class=\"wd-btn-icon\">\n\t\t\t\t\t\t<span class=\"wd-icon fas fa-file-download\"><\/span>\t\t\t\t\t<\/span>\n\t\t\t\t\t\t\t<\/a>\n\t\t<\/div>\n\t\t\t\t\t\t<\/div>\n\t\t\t\t<\/div>\n\t\t\t\t\t<\/div>\n\t\t<\/div>\n\t\t\t\t\t<\/div>\n\t\t<\/section>\n\t\t\t\t<section class=\"elementor-section elementor-top-section elementor-element elementor-element-700175b elementor-section-boxed elementor-section-height-default elementor-section-height-default wd-section-disabled\" data-id=\"700175b\" data-element_type=\"section\" data-e-type=\"section\">\n\t\t\t\t\t\t<div class=\"elementor-container elementor-column-gap-default\">\n\t\t\t\t\t<div class=\"elementor-column elementor-col-100 elementor-top-column elementor-element elementor-element-8c331f3\" data-id=\"8c331f3\" data-element_type=\"column\" data-e-type=\"column\">\n\t\t\t<div class=\"elementor-widget-wrap elementor-element-populated\">\n\t\t\t\t\t\t<div class=\"elementor-element elementor-element-6dabe93 elementor-widget-divider--view-line elementor-widget elementor-widget-divider\" data-id=\"6dabe93\" data-element_type=\"widget\" data-e-type=\"widget\" data-widget_type=\"divider.default\">\n\t\t\t\t<div class=\"elementor-widget-container\">\n\t\t\t\t\t\t\t<div class=\"elementor-divider\">\n\t\t\t<span class=\"elementor-divider-separator\">\n\t\t\t\t\t\t<\/span>\n\t\t<\/div>\n\t\t\t\t\t\t<\/div>\n\t\t\t\t<\/div>\n\t\t\t\t<div class=\"elementor-element elementor-element-491cd1d elementor-widget elementor-widget-wd_title\" data-id=\"491cd1d\" data-element_type=\"widget\" data-e-type=\"widget\" data-widget_type=\"wd_title.default\">\n\t\t\t\t<div class=\"elementor-widget-container\">\n\t\t\t\t\t\t\t<div class=\"title-wrapper set-mb-s reset-last-child wd-title-color-default wd-title-style-default wd-title-size-default text-left\">\n\n\t\t\t\n\t\t\t<div class=\"liner-continer\">\n\t\t\t\t<h4 class=\"woodmart-title-container title wd-fontsize-l\">Selected references<\/h4> \n\t\t\t\t\t\t\t<\/div>\n\n\t\t\t\t\t<\/div>\n\t\t\t\t\t\t<\/div>\n\t\t\t\t<\/div>\n\t\t\t\t<div class=\"elementor-element elementor-element-106e222 elementor-widget elementor-widget-wd_images_gallery\" data-id=\"106e222\" data-element_type=\"widget\" data-e-type=\"widget\" data-widget_type=\"wd_images_gallery.default\">\n\t\t\t\t<div class=\"elementor-widget-container\">\n\t\t\t\t\t\t\t\t<link rel=\"stylesheet\" id=\"wd-image-gallery-css\" href=\"https:\/\/arpenviro.sk\/wp-content\/themes\/woodmart\/css\/parts\/el-gallery.min.css?ver=6.5.4\" type=\"text\/css\" media=\"all\" \/> \t\t\t\t\t<div class=\"wd-images-gallery wd-justify-center wd-items-middle view-masonry\" >\n\t\t\t<div class=\"gallery-images row wd-spacing-6\">\n\t\t\t\t\t\t\t\t\t\t\t\t\t\t<div class=\"wd-gallery-item  col-lg-20_0 col-md-3 col-6\">\n\t\t\t\t\t\t\n\t\t\t\t\t\t<img decoding=\"async\" src=\"https:\/\/arpenviro.sk\/wp-content\/uploads\/2023\/08\/afeed-e-img-10-3-149-76-0-ffffff.png\"alt=\"afeed-e-img-10-3-149-76-0-ffffff\">\n\t\t\t\t\t\t\t\t\t\t\t<\/div>\n\t\t\t\t\t\t\t\t\t\t\t\t\t\t\t<div class=\"wd-gallery-item  col-lg-20_0 col-md-3 col-6\">\n\t\t\t\t\t\t\n\t\t\t\t\t\t<img decoding=\"async\" src=\"https:\/\/arpenviro.sk\/wp-content\/uploads\/2023\/08\/akademia-ozbrojenych-sil-e-img-12-3-149-76-0-ffffff.png\"alt=\"akademia-ozbrojenych-sil-e-img-12-3-149-76-0-ffffff\">\n\t\t\t\t\t\t\t\t\t\t\t<\/div>\n\t\t\t\t\t\t\t\t\t\t\t\t\t\t\t<div class=\"wd-gallery-item  col-lg-20_0 col-md-3 col-6\">\n\t\t\t\t\t\t\n\t\t\t\t\t\t<img decoding=\"async\" src=\"https:\/\/arpenviro.sk\/wp-content\/uploads\/2023\/08\/bionergy-e-img-34-3-149-76-0-ffffff.png\"alt=\"bionergy-e-img-34-3-149-76-0-ffffff\">\n\t\t\t\t\t\t\t\t\t\t\t<\/div>\n\t\t\t\t\t\t\t\t\t\t\t\t\t\t\t<div class=\"wd-gallery-item  col-lg-20_0 col-md-3 col-6\">\n\t\t\t\t\t\t\n\t\t\t\t\t\t<img decoding=\"async\" src=\"https:\/\/arpenviro.sk\/wp-content\/uploads\/2023\/08\/calmit-e-img-14-3-149-76-0-ffffff.png\"alt=\"calmit-e-img-14-3-149-76-0-ffffff\">\n\t\t\t\t\t\t\t\t\t\t\t<\/div>\n\t\t\t\t\t\t\t\t\t\t\t\t\t\t\t<div class=\"wd-gallery-item  col-lg-20_0 col-md-3 col-6\">\n\t\t\t\t\t\t\n\t\t\t\t\t\t<img decoding=\"async\" src=\"https:\/\/arpenviro.sk\/wp-content\/uploads\/2023\/08\/com-therm-e-img-16-3-149-76-0-ffffff.png\"alt=\"com-therm-e-img-16-3-149-76-0-ffffff\">\n\t\t\t\t\t\t\t\t\t\t\t<\/div>\n\t\t\t\t\t\t\t\t\t\t\t\t\t\t\t<div class=\"wd-gallery-item  col-lg-20_0 col-md-3 col-6\">\n\t\t\t\t\t\t\n\t\t\t\t\t\t<img decoding=\"async\" src=\"https:\/\/arpenviro.sk\/wp-content\/uploads\/2023\/08\/dg-energy-e-img-17-3-149-76-0-ffffff.png\"alt=\"dg-energy-e-img-17-3-149-76-0-ffffff\">\n\t\t\t\t\t\t\t\t\t\t\t<\/div>\n\t\t\t\t\t\t\t\t\t\t\t\t\t\t\t<div class=\"wd-gallery-item  col-lg-20_0 col-md-3 col-6\">\n\t\t\t\t\t\t\n\t\t\t\t\t\t<img decoding=\"async\" src=\"https:\/\/arpenviro.sk\/wp-content\/uploads\/2023\/08\/enviral-e-img-18-3-149-76-0-ffffff.png\"alt=\"enviral-e-img-18-3-149-76-0-ffffff\">\n\t\t\t\t\t\t\t\t\t\t\t<\/div>\n\t\t\t\t\t\t\t\t\t\t\t\t\t\t\t<div class=\"wd-gallery-item  col-lg-20_0 col-md-3 col-6\">\n\t\t\t\t\t\t\n\t\t\t\t\t\t<img decoding=\"async\" src=\"https:\/\/arpenviro.sk\/wp-content\/uploads\/2023\/08\/es-e-img-19-3-149-76-0-ffffff.png\"alt=\"es-e-img-19-3-149-76-0-ffffff\">\n\t\t\t\t\t\t\t\t\t\t\t<\/div>\n\t\t\t\t\t\t\t\t\t\t\t\t\t\t\t<div class=\"wd-gallery-item  col-lg-20_0 col-md-3 col-6\">\n\t\t\t\t\t\t\n\t\t\t\t\t\t<img decoding=\"async\" src=\"https:\/\/arpenviro.sk\/wp-content\/uploads\/2023\/08\/ferplast-e-img-27-3-149-76-0-ffffff.png\"alt=\"ferplast-e-img-27-3-149-76-0-ffffff\">\n\t\t\t\t\t\t\t\t\t\t\t<\/div>\n\t\t\t\t\t\t\t\t\t\t\t\t\t\t\t<div class=\"wd-gallery-item  col-lg-20_0 col-md-3 col-6\">\n\t\t\t\t\t\t\n\t\t\t\t\t\t<img decoding=\"async\" src=\"https:\/\/arpenviro.sk\/wp-content\/uploads\/2023\/08\/firstfarms-gabcikovo-sro-e-img-33-3-149-76-0-ffffff.png\"alt=\"firstfarms-gabcikovo-sro-e-img-33-3-149-76-0-ffffff\">\n\t\t\t\t\t\t\t\t\t\t\t<\/div>\n\t\t\t\t\t\t\t\t\t\t\t\t\t\t\t<div class=\"wd-gallery-item  col-lg-20_0 col-md-3 col-6\">\n\t\t\t\t\t\t\n\t\t\t\t\t\t<img decoding=\"async\" src=\"https:\/\/arpenviro.sk\/wp-content\/uploads\/2023\/08\/howa-tramico-e-img-21-3-149-76-0-ffffff.png\"alt=\"howa-tramico-e-img-21-3-149-76-0-ffffff\">\n\t\t\t\t\t\t\t\t\t\t\t<\/div>\n\t\t\t\t\t\t\t\t\t\t\t\t\t\t\t<div class=\"wd-gallery-item  col-lg-20_0 col-md-3 col-6\">\n\t\t\t\t\t\t\n\t\t\t\t\t\t<img decoding=\"async\" src=\"https:\/\/arpenviro.sk\/wp-content\/uploads\/2023\/08\/karovic-e-img-23-3-149-76-0-ffffff.png\"alt=\"karovic-e-img-23-3-149-76-0-ffffff\">\n\t\t\t\t\t\t\t\t\t\t\t<\/div>\n\t\t\t\t\t\t\t\t\t\t\t\t\t\t\t<div class=\"wd-gallery-item  col-lg-20_0 col-md-3 col-6\">\n\t\t\t\t\t\t\n\t\t\t\t\t\t<img decoding=\"async\" src=\"https:\/\/arpenviro.sk\/wp-content\/uploads\/2023\/08\/kia-e-img-11-3-149-76-0-ffffff.png\"alt=\"kia-e-img-11-3-149-76-0-ffffff\">\n\t\t\t\t\t\t\t\t\t\t\t<\/div>\n\t\t\t\t\t\t\t\t\t\t\t\t\t\t\t<div class=\"wd-gallery-item  col-lg-20_0 col-md-3 col-6\">\n\t\t\t\t\t\t\n\t\t\t\t\t\t<img decoding=\"async\" src=\"https:\/\/arpenviro.sk\/wp-content\/uploads\/2023\/08\/kysuca-e-img-26-3-149-76-0-ffffff.png\"alt=\"kysuca-e-img-26-3-149-76-0-ffffff\">\n\t\t\t\t\t\t\t\t\t\t\t<\/div>\n\t\t\t\t\t\t\t\t\t\t\t\t\t\t\t<div class=\"wd-gallery-item  col-lg-20_0 col-md-3 col-6\">\n\t\t\t\t\t\t\n\t\t\t\t\t\t<img decoding=\"async\" src=\"https:\/\/arpenviro.sk\/wp-content\/uploads\/2023\/08\/martinska-teplarenska-as-e-img-25-3-149-76-0-ffffff.png\"alt=\"martinska-teplarenska-as-e-img-25-3-149-76-0-ffffff\">\n\t\t\t\t\t\t\t\t\t\t\t<\/div>\n\t\t\t\t\t\t\t\t\t\t\t\t\t\t\t<div class=\"wd-gallery-item  col-lg-20_0 col-md-3 col-6\">\n\t\t\t\t\t\t\n\t\t\t\t\t\t<img decoding=\"async\" src=\"https:\/\/arpenviro.sk\/wp-content\/uploads\/2023\/08\/meroco-e-img-28-3-149-76-0-ffffff.png\"alt=\"meroco-e-img-28-3-149-76-0-ffffff\">\n\t\t\t\t\t\t\t\t\t\t\t<\/div>\n\t\t\t\t\t\t\t\t\t\t\t\t\t\t\t<div class=\"wd-gallery-item  col-lg-20_0 col-md-3 col-6\">\n\t\t\t\t\t\t\n\t\t\t\t\t\t<img decoding=\"async\" src=\"https:\/\/arpenviro.sk\/wp-content\/uploads\/2023\/08\/metzo-e-img-24-3-149-76-0-ffffff.png\"alt=\"metzo-e-img-24-3-149-76-0-ffffff\">\n\t\t\t\t\t\t\t\t\t\t\t<\/div>\n\t\t\t\t\t\t\t\t\t\t\t\t\t\t\t<div class=\"wd-gallery-item  col-lg-20_0 col-md-3 col-6\">\n\t\t\t\t\t\t\n\t\t\t\t\t\t<img decoding=\"async\" src=\"https:\/\/arpenviro.sk\/wp-content\/uploads\/2025\/06\/FORTISCHEM-LOGO_K.png\"alt=\"FORTISCHEM LOGO_(K)\">\n\t\t\t\t\t\t\t\t\t\t\t<\/div>\n\t\t\t\t\t\t\t\t\t\t\t\t\t\t\t<div class=\"wd-gallery-item  col-lg-20_0 col-md-3 col-6\">\n\t\t\t\t\t\t\n\t\t\t\t\t\t<img decoding=\"async\" src=\"https:\/\/arpenviro.sk\/wp-content\/uploads\/2023\/08\/ppc-energy-as-e-img-29-3-149-76-0-ffffff.png\"alt=\"ppc-energy-as-e-img-29-3-149-76-0-ffffff\">\n\t\t\t\t\t\t\t\t\t\t\t<\/div>\n\t\t\t\t\t\t\t\t\t\t\t\t\t\t\t<div class=\"wd-gallery-item  col-lg-20_0 col-md-3 col-6\">\n\t\t\t\t\t\t\n\t\t\t\t\t\t<img decoding=\"async\" src=\"https:\/\/arpenviro.sk\/wp-content\/uploads\/2023\/08\/psa-groupe-e-img-67-3-149-76-0-ffffff.png\"alt=\"psa-groupe-e-img-67-3-149-76-0-ffffff\">\n\t\t\t\t\t\t\t\t\t\t\t<\/div>\n\t\t\t\t\t\t\t\t\t\t\t\t\t\t\t<div class=\"wd-gallery-item  col-lg-20_0 col-md-3 col-6\">\n\t\t\t\t\t\t\n\t\t\t\t\t\t<img decoding=\"async\" src=\"https:\/\/arpenviro.sk\/wp-content\/uploads\/2023\/08\/sse-project-development-e-img-65-3-149-76-0-ffffff.png\"alt=\"sse---project-development-e-img-65-3-149-76-0-ffffff\">\n\t\t\t\t\t\t\t\t\t\t\t<\/div>\n\t\t\t\t\t\t\t\t\t\t\t\t\t\t\t<div class=\"wd-gallery-item  col-lg-20_0 col-md-3 col-6\">\n\t\t\t\t\t\t\n\t\t\t\t\t\t<img decoding=\"async\" src=\"https:\/\/arpenviro.sk\/wp-content\/uploads\/2023\/08\/stachema-e-img-68-3-149-76-0-ffffff.png\"alt=\"stachema-e-img-68-3-149-76-0-ffffff\">\n\t\t\t\t\t\t\t\t\t\t\t<\/div>\n\t\t\t\t\t\t\t\t\t\t\t\t\t\t\t<div class=\"wd-gallery-item  col-lg-20_0 col-md-3 col-6\">\n\t\t\t\t\t\t\n\t\t\t\t\t\t<img decoding=\"async\" src=\"https:\/\/arpenviro.sk\/wp-content\/uploads\/2023\/08\/tate-and-lyle-e-img-13-3-149-76-0-ffffff.png\"alt=\"tate-and-lyle-e-img-13-3-149-76-0-ffffff\">\n\t\t\t\t\t\t\t\t\t\t\t<\/div>\n\t\t\t\t\t\t\t\t\t\t\t\t\t\t\t<div class=\"wd-gallery-item  col-lg-20_0 col-md-3 col-6\">\n\t\t\t\t\t\t\n\t\t\t\t\t\t<img decoding=\"async\" src=\"https:\/\/arpenviro.sk\/wp-content\/uploads\/2023\/08\/toma-e-img-30-3-149-76-0-ffffff.png\"alt=\"toma-e-img-30-3-149-76-0-ffffff\">\n\t\t\t\t\t\t\t\t\t\t\t<\/div>\n\t\t\t\t\t\t\t\t\t\t\t\t\t\t\t<div class=\"wd-gallery-item  col-lg-20_0 col-md-3 col-6\">\n\t\t\t\t\t\t\n\t\t\t\t\t\t<img decoding=\"async\" src=\"https:\/\/arpenviro.sk\/wp-content\/uploads\/2023\/08\/wiegel-e-img-31-3-149-76-0-ffffff.png\"alt=\"wiegel-e-img-31-3-149-76-0-ffffff\">\n\t\t\t\t\t\t\t\t\t\t\t<\/div>\n\t\t\t\t\t\t\t\t\t\t\t\t\t\t\t<div class=\"wd-gallery-item  col-lg-20_0 col-md-3 col-6\">\n\t\t\t\t\t\t\n\t\t\t\t\t\t<img decoding=\"async\" src=\"https:\/\/arpenviro.sk\/wp-content\/uploads\/2023\/08\/zinkpower-malacky-e-img-32-3-149-76-0-ffffff.png\"alt=\"zinkpower-malacky-e-img-32-3-149-76-0-ffffff\">\n\t\t\t\t\t\t\t\t\t\t\t<\/div>\n\t\t\t\t\t\t\t\t<\/div>\n\t\t<\/div>\n\t\t\t\t\t\t<\/div>\n\t\t\t\t<\/div>\n\t\t\t\t\t<\/div>\n\t\t<\/div>\n\t\t\t\t\t<\/div>\n\t\t<\/section>\n\t\t\t\t<\/div>","protected":false},"excerpt":{"rendered":"<p>O firme Na\u0161a spolo\u010dnos\u0165 poskytuje konzulta\u010dn\u00e9, poradensk\u00e9 a technick\u00e9 slu\u017eby v\u00a0oblasti \u017eivotn\u00e9ho prostredia, predov\u0161etk\u00fdm so zameran\u00edm na ochranu ovzdu\u0161ia \u2013<\/p>","protected":false},"author":1,"featured_media":0,"parent":0,"menu_order":0,"comment_status":"closed","ping_status":"closed","template":"","meta":{"footnotes":""},"class_list":["post-51","page","type-page","status-publish","hentry"],"_links":{"self":[{"href":"https:\/\/arpenviro.sk\/en\/wp-json\/wp\/v2\/pages\/51","targetHints":{"allow":["GET"]}}],"collection":[{"href":"https:\/\/arpenviro.sk\/en\/wp-json\/wp\/v2\/pages"}],"about":[{"href":"https:\/\/arpenviro.sk\/en\/wp-json\/wp\/v2\/types\/page"}],"author":[{"embeddable":true,"href":"https:\/\/arpenviro.sk\/en\/wp-json\/wp\/v2\/users\/1"}],"replies":[{"embeddable":true,"href":"https:\/\/arpenviro.sk\/en\/wp-json\/wp\/v2\/comments?post=51"}],"version-history":[{"count":44,"href":"https:\/\/arpenviro.sk\/en\/wp-json\/wp\/v2\/pages\/51\/revisions"}],"predecessor-version":[{"id":9462,"href":"https:\/\/arpenviro.sk\/en\/wp-json\/wp\/v2\/pages\/51\/revisions\/9462"}],"wp:attachment":[{"href":"https:\/\/arpenviro.sk\/en\/wp-json\/wp\/v2\/media?parent=51"}],"curies":[{"name":"wp","href":"https:\/\/api.w.org\/{rel}","templated":true}]}}